{"id":2179,"date":"2025-03-17T03:45:23","date_gmt":"2025-03-17T03:45:23","guid":{"rendered":"https:\/\/www25.tervisesport.ee\/?page_id=2179"},"modified":"2025-04-03T01:49:29","modified_gmt":"2025-04-03T01:49:29","slug":"%d0%b7%d0%b0%d0%b1%d1%80%d0%be%d0%bd%d0%b8%d1%80%d1%83%d0%b9%d1%82%d0%b5-%d1%80%d0%b0%d0%b7%d0%bc%d0%b5%d1%89%d0%b5%d0%bd%d0%b8%d0%b5","status":"publish","type":"page","link":"https:\/\/tehvandi.ee\/ru\/%d0%b7%d0%b0%d0%b1%d1%80%d0%be%d0%bd%d0%b8%d1%80%d1%83%d0%b9%d1%82%d0%b5-%d1%80%d0%b0%d0%b7%d0%bc%d0%b5%d1%89%d0%b5%d0%bd%d0%b8%d0%b5\/","title":{"rendered":"\u0417\u0430\u0431\u0440\u043e\u043d\u0438\u0440\u0443\u0439\u0442\u0435 \u0440\u0430\u0437\u043c\u0435\u0449\u0435\u043d\u0438\u0435"},"content":{"rendered":"\n<p><strong>\u0410\u0434\u0440\u0435\u0441:&nbsp;<\/strong>N\u00fcpli k\u00fcla 67408, Otep\u00e4\u00e4 vald. Eesti<br><strong>\u0418\u043d\u0444\u043e\u0440\u043c\u0430\u0446\u0438\u044f \u0438 \u0431\u0440\u043e\u043d\u0438\u0440\u043e\u0432\u0430\u043d\u0438\u0435:<\/strong>&nbsp;(+372) 766 9500<br><strong>\u042d\u043b\u0435\u043a\u0442\u0440\u043e\u043d\u043d\u0430\u044f \u043f\u043e\u0447\u0442\u0430<\/strong>: tehvandi@tehvandi.ee<\/p>\n\n\n\n<div class=\"wp-block-media-text alignwide is-stacked-on-mobile\" style=\"grid-template-columns:30% auto\"><figure class=\"wp-block-media-text__media\"><img loading=\"lazy\" decoding=\"async\" width=\"1024\" height=\"683\" src=\"https:\/\/tehvandi.ee\/wp-content\/uploads\/2025\/03\/Tehvandi-Hotell-majutus.jpg\" alt=\"\" class=\"wp-image-2161 size-full\" srcset=\"https:\/\/tehvandi.ee\/wp-content\/uploads\/2025\/03\/Tehvandi-Hotell-majutus.jpg 1024w, https:\/\/tehvandi.ee\/wp-content\/uploads\/2025\/03\/Tehvandi-Hotell-majutus-300x200.jpg 300w, https:\/\/tehvandi.ee\/wp-content\/uploads\/2025\/03\/Tehvandi-Hotell-majutus-768x512.jpg 768w, https:\/\/tehvandi.ee\/wp-content\/uploads\/2025\/03\/Tehvandi-Hotell-majutus-500x333.jpg 500w\" sizes=\"auto, (max-width: 1024px) 100vw, 1024px\" \/><\/figure><div class=\"wp-block-media-text__content\">\n<h2 class=\"wp-block-heading\">\u041e\u0442\u0435\u043b\u044c Tehvandi<\/h2>\n\n\n\n<p>\u041e\u0442\u0435\u043b\u044c Tehvandi Hotell \u0440\u0430\u0441\u043f\u043e\u043b\u043e\u0436\u0435\u043d \u043d\u0430 \u0442\u0435\u0440\u0440\u0438\u0442\u043e\u0440\u0438\u0438 \u0441\u043f\u043e\u0440\u0442\u0438\u0432\u043d\u043e\u0433\u043e \u0446\u0435\u043d\u0442\u0440\u0430 \u0422\u0435\u0445\u0432\u0430\u043d\u0434\u0438, \u0438\u0437\u0432\u0435\u0441\u0442\u043d\u043e\u0433\u043e \u043c\u0435\u0441\u0442\u0430 \u043f\u0440\u043e\u0432\u0435\u0434\u0435\u043d\u0438\u044f \u0441\u043f\u043e\u0440\u0442\u0438\u0432\u043d\u044b\u0445 \u0441\u043e\u0440\u0435\u0432\u043d\u043e\u0432\u0430\u043d\u0438\u0439 \u0438 \u0442\u0440\u0435\u043d\u0438\u0440\u043e\u0432\u043e\u043a, \u0433\u0434\u0435 \u0433\u043e\u0441\u0442\u0438 \u043c\u043e\u0433\u0443\u0442 \u043e\u0442\u0434\u044b\u0445\u0430\u0442\u044c \u0438 \u0437\u0430\u043d\u0438\u043c\u0430\u0442\u044c\u0441\u044f \u0441\u043f\u043e\u0440\u0442\u043e\u043c \u0432 \u0442\u0435\u0447\u0435\u043d\u0438\u0435 \u0432\u0441\u0435\u0433\u043e \u0433\u043e\u0434\u0430. \u041a \u0443\u0441\u043b\u0443\u0433\u0430\u043c \u0433\u043e\u0441\u0442\u0435\u0439 \u043d\u043e\u043c\u0435\u0440\u0430 \u0441 \u0431\u0435\u0441\u043f\u043b\u0430\u0442\u043d\u044b\u043c Wi-Fi \u0438 \u043a\u043e\u043d\u0434\u0438\u0446\u0438\u043e\u043d\u0435\u0440\u043e\u043c. \u0412 \u043a\u0430\u0436\u0434\u043e\u043c \u043d\u043e\u043c\u0435\u0440\u0435 \u0435\u0441\u0442\u044c \u0442\u0435\u043b\u0435\u0432\u0438\u0437\u043e\u0440 \u0441 \u043a\u0430\u0431\u0435\u043b\u044c\u043d\u044b\u043c\u0438 \u043a\u0430\u043d\u0430\u043b\u0430\u043c\u0438, \u0431\u0430\u043b\u043a\u043e\u043d \u0438 \u0441\u043e\u0431\u0441\u0442\u0432\u0435\u043d\u043d\u0430\u044f \u0432\u0430\u043d\u043d\u0430\u044f \u043a\u043e\u043c\u043d\u0430\u0442\u0430.<\/p>\n\n\n<a href=\"https:\/\/booking.tehvandi.ee\/ru\/?type=hotel\" class=\"btn btn-primary\" type=\"button\" target=\"_blank\">\u0417\u0430\u0431\u0440\u043e\u043d\u0438\u0440\u0443\u0439\u0442\u0435 \u0440\u0430\u0437\u043c\u0435\u0449\u0435\u043d\u0438\u0435<\/a>\n<\/div><\/div>\n\n\n\n<div class=\"wp-block-media-text alignwide is-stacked-on-mobile\" style=\"grid-template-columns:30% auto\"><figure class=\"wp-block-media-text__media\"><img loading=\"lazy\" decoding=\"async\" width=\"1024\" height=\"683\" src=\"https:\/\/tehvandi.ee\/wp-content\/uploads\/2025\/03\/Tehvandi-puhkemaja-majutus.jpg\" alt=\"\" class=\"wp-image-2164 size-full\" srcset=\"https:\/\/tehvandi.ee\/wp-content\/uploads\/2025\/03\/Tehvandi-puhkemaja-majutus.jpg 1024w, https:\/\/tehvandi.ee\/wp-content\/uploads\/2025\/03\/Tehvandi-puhkemaja-majutus-300x200.jpg 300w, https:\/\/tehvandi.ee\/wp-content\/uploads\/2025\/03\/Tehvandi-puhkemaja-majutus-768x512.jpg 768w, https:\/\/tehvandi.ee\/wp-content\/uploads\/2025\/03\/Tehvandi-puhkemaja-majutus-500x333.jpg 500w\" sizes=\"auto, (max-width: 1024px) 100vw, 1024px\" \/><\/figure><div class=\"wp-block-media-text__content\">\n<h2 class=\"wp-block-heading\">Tehvandi Puhkemaja<\/h2>\n\n\n\n<p>Tehvandi Puhkemaja \u2014 \u044d\u0442\u043e \u0430\u043f\u0430\u0440\u0442\u0430\u043c\u0435\u043d\u0442\u044b \u0432 \u0433\u043e\u0440\u043e\u0434\u0435 \u041e\u0442\u0435\u043f\u044f, \u0432 42 \u043a\u043c \u043e\u0442 \u0442\u0430\u043a\u043e\u0439 \u0434\u043e\u0441\u0442\u043e\u043f\u0440\u0438\u043c\u0435\u0447\u0430\u0442\u0435\u043b\u044c\u043d\u043e\u0441\u0442\u0438, \u043a\u0430\u043a University of Tartu Natural History Museum. \u0421\u0440\u0435\u0434\u0438 \u0443\u0434\u043e\u0431\u0441\u0442\u0432 \u2014 \u0444\u0438\u0442\u043d\u0435\u0441-\u0446\u0435\u043d\u0442\u0440, \u0441\u0430\u0434 \u0438 \u0442\u0435\u0440\u0440\u0430\u0441\u0430. \u041f\u0440\u0435\u0434\u043e\u0441\u0442\u0430\u0432\u043b\u044f\u0435\u0442\u0441\u044f \u0431\u0435\u0441\u043f\u043b\u0430\u0442\u043d\u044b\u0439 Wi-Fi. \u0412 \u043e\u043a\u0440\u0435\u0441\u0442\u043d\u043e\u0441\u0442\u044f\u0445 \u0433\u043e\u0441\u0442\u0438 \u0430\u043f\u0430\u0440\u0442\u0430\u043c\u0435\u043d\u0442\u043e\u0432 \u043c\u043e\u0433\u0443\u0442 \u0437\u0430\u043d\u044f\u0442\u044c\u0441\u044f \u043f\u0435\u0448\u0438\u043c\u0438 \u043f\u0440\u043e\u0433\u0443\u043b\u043a\u0430\u043c\u0438, \u043b\u044b\u0436\u043d\u044b\u043c \u0441\u043f\u043e\u0440\u0442\u043e\u043c, \u0440\u044b\u0431\u043d\u043e\u0439 \u043b\u043e\u0432\u043b\u0435\u0439 \u0438 \u0434\u0440\u0443\u0433\u0438\u043c\u0438 \u0432\u0438\u0434\u0430\u043c\u0438 \u0430\u043a\u0442\u0438\u0432\u043d\u043e\u0433\u043e \u043e\u0442\u0434\u044b\u0445\u0430. <\/p>\n\n\n\n<p>\u0421\u0440\u0435\u0434\u0438 \u0443\u0434\u043e\u0431\u0441\u0442\u0432 \u2014 \u0431\u0435\u0441\u043f\u043b\u0430\u0442\u043d\u0430\u044f \u0447\u0430\u0441\u0442\u043d\u0430\u044f \u043f\u0430\u0440\u043a\u043e\u0432\u043a\u0430. \u0412 \u044d\u0442\u0438\u0445 \u0430\u043f\u0430\u0440\u0442\u0430\u043c\u0435\u043d\u0442\u0430\u0445 \u0438\u043c\u0435\u0435\u0442\u0441\u044f \u043d\u0435\u0441\u043a\u043e\u043b\u044c\u043a\u043e \u0441\u043f\u0430\u043b\u0435\u043d (4), \u043c\u0438\u043d\u0438-\u043a\u0443\u0445\u043d\u044f \u0441 \u0445\u043e\u043b\u043e\u0434\u0438\u043b\u044c\u043d\u0438\u043a\u043e\u043c \u0438 \u0442\u043e\u0441\u0442\u0435\u0440\u043e\u043c, \u0430 \u0442\u0430\u043a\u0436\u0435 \u043d\u0435\u0441\u043a\u043e\u043b\u044c\u043a\u043e \u0432\u0430\u043d\u043d\u044b\u0445 \u043a\u043e\u043c\u043d\u0430\u0442 (2) \u0441 \u0434\u0443\u0448\u0435\u043c. \u0423\u0441\u0442\u0430\u043d\u043e\u0432\u043b\u0435\u043d \u0442\u0435\u043b\u0435\u0432\u0438\u0437\u043e\u0440. \u0412 \u0440\u0430\u0441\u043f\u043e\u0440\u044f\u0436\u0435\u043d\u0438\u0438 \u0433\u043e\u0441\u0442\u0435\u0439 \u0441\u0442\u0438\u0440\u0430\u043b\u044c\u043d\u0430\u044f \u043c\u0430\u0448\u0438\u043d\u0430.<\/p>\n\n\n<a href=\"https:\/\/booking.tehvandi.ee\/ru\/?type=holidayhouse\" class=\"btn btn-primary\" type=\"button\" target=\"_blank\">\u0417\u0430\u0431\u0440\u043e\u043d\u0438\u0440\u0443\u0439\u0442\u0435 \u0440\u0430\u0437\u043c\u0435\u0449\u0435\u043d\u0438\u0435<\/a>\n<\/div><\/div>\n\n\n\n<p><\/p>\n","protected":false},"excerpt":{"rendered":"<p>\u0410\u0434\u0440\u0435\u0441:&nbsp;N\u00fcpli k\u00fcla 67408, Otep\u00e4\u00e4 vald. Eesti\u0418\u043d\u0444\u043e\u0440\u043c\u0430\u0446\u0438\u044f \u0438 \u0431\u0440\u043e\u043d\u0438\u0440\u043e\u0432\u0430\u043d\u0438\u0435:&nbsp;(+372) 766 9500\u042d\u043b\u0435\u043a\u0442\u0440\u043e\u043d\u043d\u0430\u044f \u043f\u043e\u0447\u0442\u0430: tehvandi@tehvandi.ee<\/p>\n","protected":false},"author":1,"featured_media":874,"parent":0,"menu_order":0,"comment_status":"closed","ping_status":"closed","template":"","meta":{"_acf_changed":false,"om_disable_all_campaigns":false,"_monsterinsights_skip_tracking":false,"_monsterinsights_sitenote_active":false,"_monsterinsights_sitenote_note":"","_monsterinsights_sitenote_category":0,"footnotes":""},"class_list":["post-2179","page","type-page","status-publish","has-post-thumbnail","hentry"],"acf":[],"aioseo_notices":[],"_links":{"self":[{"href":"https:\/\/tehvandi.ee\/ru\/wp-json\/wp\/v2\/pages\/2179","targetHints":{"allow":["GET"]}}],"collection":[{"href":"https:\/\/tehvandi.ee\/ru\/wp-json\/wp\/v2\/pages"}],"about":[{"href":"https:\/\/tehvandi.ee\/ru\/wp-json\/wp\/v2\/types\/page"}],"author":[{"embeddable":true,"href":"https:\/\/tehvandi.ee\/ru\/wp-json\/wp\/v2\/users\/1"}],"replies":[{"embeddable":true,"href":"https:\/\/tehvandi.ee\/ru\/wp-json\/wp\/v2\/comments?post=2179"}],"version-history":[{"count":0,"href":"https:\/\/tehvandi.ee\/ru\/wp-json\/wp\/v2\/pages\/2179\/revisions"}],"wp:featuredmedia":[{"embeddable":true,"href":"https:\/\/tehvandi.ee\/ru\/wp-json\/wp\/v2\/media\/874"}],"wp:attachment":[{"href":"https:\/\/tehvandi.ee\/ru\/wp-json\/wp\/v2\/media?parent=2179"}],"curies":[{"name":"wp","href":"https:\/\/api.w.org\/{rel}","templated":true}]}}