{"id":4314,"date":"2026-01-22T07:10:44","date_gmt":"2026-01-22T07:10:44","guid":{"rendered":"https:\/\/tehvandi.ee\/?page_id=4314"},"modified":"2026-04-21T11:06:17","modified_gmt":"2026-04-21T11:06:17","slug":"events-calendar-at-tehvandi","status":"publish","type":"page","link":"https:\/\/tehvandi.ee\/en\/events-calendar-at-tehvandi\/","title":{"rendered":"Events Calendar at Tehvandi"},"content":{"rendered":"\n<figure class=\"wp-block-table events-table\" style=\"font-size:15px\"><table><tbody><tr><td class=\"has-text-align-center\" data-align=\"center\"><strong>25.0<\/strong>4<\/td><td><a href=\"https:\/\/ejl.ee\/voistlus\/223\/\" target=\"_blank\" rel=\"noopener\" title=\"EMV murdmaasuusatamises\">IX Otep\u00e4\u00e4 GP<\/a><\/td><td class=\"has-text-align-center\" data-align=\"center\"><strong>Tehvandi roller ski track<\/strong><\/td><\/tr><tr><td class=\"has-text-align-center\" data-align=\"center\"><strong>26.04<\/strong><\/td><td><a href=\"https:\/\/ejl.ee\/voistlus\/224\/\" target=\"_blank\" rel=\"noopener\" title=\"\">VIII Otep\u00e4\u00e4 Rattaralli<\/a><\/td><td class=\"has-text-align-center\" data-align=\"center\"><strong>Tehvandi roller ski track<\/strong><\/td><\/tr><tr><td class=\"has-text-align-center\" data-align=\"center\"><strong>07.05<\/strong><\/td><td><a href=\"https:\/\/jalgpall.ee\/voistlused\/match_info\/186506\" target=\"_blank\" rel=\"noreferrer noopener\">FC Elva vs FC Tallinn (Football EMV Esiliiga)<\/a><\/td><td class=\"has-text-align-center\" data-align=\"center\"><strong>Tehvandi stadium<\/strong><\/td><\/tr><tr><td class=\"has-text-align-center\" data-align=\"center\"><strong>16.05<\/strong><\/td><td><a href=\"https:\/\/ejl.ee\/voistlus\/232\/\" title=\"\">Eesti Ol\u00fcmpiakrossi Karikasari<\/a> XCO<\/td><td class=\"has-text-align-center\" data-align=\"center\"><strong>Tehvandi mountain bike track<\/strong><\/td><\/tr><\/tbody><\/table><\/figure>\n\n\n\n<p><a href=\"https:\/\/www.otepaa.ee\/kultuur-sport-kogukonnad-ettevotlus\/sport\/spordikalender\" title=\"\"><strong>\ud83d\udc49 ALSO CHECK THE OTEP\u00c4\u00c4 MUNICIPALITY SPORTS CALENDAR<\/strong><\/a><\/p>\n\n\n\n<p><\/p>\n","protected":false},"excerpt":{"rendered":"<p>25.04 IX Otep\u00e4\u00e4 GP Tehvandi roller ski track 26.04 VIII Otep\u00e4\u00e4 Rattaralli &#8230;<\/p>\n","protected":false},"author":3,"featured_media":4290,"parent":0,"menu_order":0,"comment_status":"closed","ping_status":"closed","template":"","meta":{"_acf_changed":false,"om_disable_all_campaigns":false,"_monsterinsights_skip_tracking":false,"_monsterinsights_sitenote_active":false,"_monsterinsights_sitenote_note":"","_monsterinsights_sitenote_category":0,"footnotes":""},"class_list":["post-4314","page","type-page","status-publish","has-post-thumbnail","hentry"],"acf":[],"aioseo_notices":[],"_links":{"self":[{"href":"https:\/\/tehvandi.ee\/en\/wp-json\/wp\/v2\/pages\/4314","targetHints":{"allow":["GET"]}}],"collection":[{"href":"https:\/\/tehvandi.ee\/en\/wp-json\/wp\/v2\/pages"}],"about":[{"href":"https:\/\/tehvandi.ee\/en\/wp-json\/wp\/v2\/types\/page"}],"author":[{"embeddable":true,"href":"https:\/\/tehvandi.ee\/en\/wp-json\/wp\/v2\/users\/3"}],"replies":[{"embeddable":true,"href":"https:\/\/tehvandi.ee\/en\/wp-json\/wp\/v2\/comments?post=4314"}],"version-history":[{"count":11,"href":"https:\/\/tehvandi.ee\/en\/wp-json\/wp\/v2\/pages\/4314\/revisions"}],"predecessor-version":[{"id":4607,"href":"https:\/\/tehvandi.ee\/en\/wp-json\/wp\/v2\/pages\/4314\/revisions\/4607"}],"wp:featuredmedia":[{"embeddable":true,"href":"https:\/\/tehvandi.ee\/en\/wp-json\/wp\/v2\/media\/4290"}],"wp:attachment":[{"href":"https:\/\/tehvandi.ee\/en\/wp-json\/wp\/v2\/media?parent=4314"}],"curies":[{"name":"wp","href":"https:\/\/api.w.org\/{rel}","templated":true}]}}