{"id":2178,"date":"2025-03-17T03:45:23","date_gmt":"2025-03-17T03:45:23","guid":{"rendered":"https:\/\/www25.tervisesport.ee\/?page_id=2178"},"modified":"2025-07-07T12:57:14","modified_gmt":"2025-07-07T12:57:14","slug":"book-accommodation","status":"publish","type":"page","link":"https:\/\/tehvandi.ee\/en\/book-accommodation\/","title":{"rendered":"Book accommodation"},"content":{"rendered":"\n<p><strong>Address:<\/strong> N\u00fcpli village 67408, Otep\u00e4\u00e4 parish. Estonia<br><strong>Information and booking: <\/strong>(+372) 766 9500<br><strong>E-mail:<\/strong> tehvandi@tehvandi.ee<\/p>\n\n\n\n<div class=\"wp-block-media-text alignwide is-stacked-on-mobile\" style=\"grid-template-columns:30% auto\"><figure class=\"wp-block-media-text__media\"><img loading=\"lazy\" decoding=\"async\" width=\"1024\" height=\"683\" src=\"https:\/\/tehvandi.ee\/wp-content\/uploads\/2025\/03\/Tehvandi-Hotell-majutus.jpg\" alt=\"Book Accommodation in Otep\u00e4\u00e4 - Tehvandi Sports Center Hotel\" class=\"wp-image-2161 size-full\" srcset=\"https:\/\/tehvandi.ee\/wp-content\/uploads\/2025\/03\/Tehvandi-Hotell-majutus.jpg 1024w, https:\/\/tehvandi.ee\/wp-content\/uploads\/2025\/03\/Tehvandi-Hotell-majutus-300x200.jpg 300w, https:\/\/tehvandi.ee\/wp-content\/uploads\/2025\/03\/Tehvandi-Hotell-majutus-768x512.jpg 768w, https:\/\/tehvandi.ee\/wp-content\/uploads\/2025\/03\/Tehvandi-Hotell-majutus-500x333.jpg 500w\" sizes=\"auto, (max-width: 1024px) 100vw, 1024px\" \/><\/figure><div class=\"wp-block-media-text__content\">\n<h2 class=\"wp-block-heading\">Tehvandi Hotel<\/h2>\n\n\n\n<p>Tehvandi Hotel is located in the Tehvandi Sports Centre, a well-known sports competition and training where guests can enjoy sports and other leisure activities all year round. Free WiFi access is available in all the air-conditioned rooms. Each room here will provide you with a TV with cable channels, a balcony, and a private bathroom. <\/p>\n\n\n\n<p>At Tehvandi Hotel you will find a communal sauna, a 24-hour front desk and a terrace. Other facilities offered at the property include a games room and ski storage.<\/p>\n\n\n<a href=\"https:\/\/booking.tehvandi.ee\/en\/?type=hotel\" class=\"btn btn-primary\" type=\"button\" target=\"_blank\">Book Accommodation<\/a>\n<\/div><\/div>\n\n\n\n<div class=\"wp-block-media-text alignwide is-stacked-on-mobile\" style=\"grid-template-columns:30% auto\"><figure class=\"wp-block-media-text__media\"><img loading=\"lazy\" decoding=\"async\" width=\"1024\" height=\"683\" src=\"https:\/\/tehvandi.ee\/wp-content\/uploads\/2025\/03\/Tehvandi-puhkemaja-majutus.jpg\" alt=\"Book Accommodation in Otep\u00e4\u00e4 - Tehvandi Sports Center holiday house\" class=\"wp-image-2164 size-full\" srcset=\"https:\/\/tehvandi.ee\/wp-content\/uploads\/2025\/03\/Tehvandi-puhkemaja-majutus.jpg 1024w, https:\/\/tehvandi.ee\/wp-content\/uploads\/2025\/03\/Tehvandi-puhkemaja-majutus-300x200.jpg 300w, https:\/\/tehvandi.ee\/wp-content\/uploads\/2025\/03\/Tehvandi-puhkemaja-majutus-768x512.jpg 768w, https:\/\/tehvandi.ee\/wp-content\/uploads\/2025\/03\/Tehvandi-puhkemaja-majutus-500x333.jpg 500w\" sizes=\"auto, (max-width: 1024px) 100vw, 1024px\" \/><\/figure><div class=\"wp-block-media-text__content\">\n<h2 class=\"wp-block-heading\">Tehvandi Holiday House<\/h2>\n\n\n\n<p>Boasting a sauna, Tehvandi Holiday House is situated in Otep\u00e4\u00e4. This property offers access to a terrace, free private parking and free WiFi. The apartment features a sauna and a 24-hour front desk. <\/p>\n\n\n\n<p>The spacious apartment has 4 bedrooms, a TV, a fully equipped kitchenette with a toaster and a fridge, a washing machine, and 2 bathrooms with a shower. <\/p>\n\n\n\n<p>Guests are welcome to unwind in the in-house bar, while packed lunches are also available.<\/p>\n\n\n<a href=\"https:\/\/booking.tehvandi.ee\/en\/?type=holidayhouse\" class=\"btn btn-primary\" type=\"button\" target=\"_blank\">Book Accommodation<\/a>\n<\/div><\/div>\n\n\n\n<h1 class=\"wp-block-heading\" style=\"font-size:22px\">Book Accommodation at Tehvandi Sports Center in Otep\u00e4\u00e4<\/h1>\n\n\n\n<p>Reserve your comfortable stay at Tehvandi Sports Center \u2013 the perfect choice for athletes, family holidays, seminars, and corporate events in Southern Estonia.<\/p>\n\n\n\n<h2 class=\"wp-block-heading\" style=\"font-size:16px\">Easy Online Booking<\/h2>\n\n\n\n<p>Use our simple and secure online booking system to find and reserve your accommodation instantly. Receive immediate confirmation directly to your email.<\/p>\n\n\n\n<h2 class=\"wp-block-heading\" style=\"font-size:17px\">Available Accommodation Options<\/h2>\n\n\n\n<ul class=\"wp-block-list\">\n<li>Comfortable hotel rooms and suites<\/li>\n\n\n\n<li>Private guesthouse for groups and families<\/li>\n\n\n\n<li>Alpine rooms with altitude simulation<\/li>\n<\/ul>\n\n\n\n<h2 class=\"wp-block-heading\" style=\"font-size:17px\">Facilities and Additional Services<\/h2>\n\n\n\n<ul class=\"wp-block-list\">\n<li>Free WiFi throughout the complex<\/li>\n\n\n\n<li>Free parking spaces available<\/li>\n\n\n\n<li>Access to sports facilities (gym, ski tracks, and roller-skiing tracks)<\/li>\n\n\n\n<li>Sauna and catering services available upon request<\/li>\n<\/ul>\n\n\n\n<h2 class=\"wp-block-heading\" style=\"font-size:17px\">Contact and Reservations<\/h2>\n\n\n\n<p>For group bookings, special requests, or additional information:<\/p>\n\n\n\n<p><strong>Phone:<\/strong> +372 766 9500<br><strong>Email:<\/strong> administraator@tehvandi.ee<\/p>\n","protected":false},"excerpt":{"rendered":"<p>Address: N\u00fcpli village 67408, Otep\u00e4\u00e4 parish. EstoniaInformation and booking: (+372) 766 9500E-mail: &#8230;<\/p>\n","protected":false},"author":1,"featured_media":872,"parent":0,"menu_order":0,"comment_status":"closed","ping_status":"closed","template":"","meta":{"_acf_changed":false,"om_disable_all_campaigns":false,"_monsterinsights_skip_tracking":false,"_monsterinsights_sitenote_active":false,"_monsterinsights_sitenote_note":"","_monsterinsights_sitenote_category":0,"footnotes":""},"class_list":["post-2178","page","type-page","status-publish","has-post-thumbnail","hentry"],"acf":[],"aioseo_notices":[],"_links":{"self":[{"href":"https:\/\/tehvandi.ee\/en\/wp-json\/wp\/v2\/pages\/2178","targetHints":{"allow":["GET"]}}],"collection":[{"href":"https:\/\/tehvandi.ee\/en\/wp-json\/wp\/v2\/pages"}],"about":[{"href":"https:\/\/tehvandi.ee\/en\/wp-json\/wp\/v2\/types\/page"}],"author":[{"embeddable":true,"href":"https:\/\/tehvandi.ee\/en\/wp-json\/wp\/v2\/users\/1"}],"replies":[{"embeddable":true,"href":"https:\/\/tehvandi.ee\/en\/wp-json\/wp\/v2\/comments?post=2178"}],"version-history":[{"count":2,"href":"https:\/\/tehvandi.ee\/en\/wp-json\/wp\/v2\/pages\/2178\/revisions"}],"predecessor-version":[{"id":3488,"href":"https:\/\/tehvandi.ee\/en\/wp-json\/wp\/v2\/pages\/2178\/revisions\/3488"}],"wp:featuredmedia":[{"embeddable":true,"href":"https:\/\/tehvandi.ee\/en\/wp-json\/wp\/v2\/media\/872"}],"wp:attachment":[{"href":"https:\/\/tehvandi.ee\/en\/wp-json\/wp\/v2\/media?parent=2178"}],"curies":[{"name":"wp","href":"https:\/\/api.w.org\/{rel}","templated":true}]}}